{"id":190,"date":"2024-08-02T11:24:00","date_gmt":"2024-08-02T09:24:00","guid":{"rendered":"http:\/\/wolajablonska27.pl\/www\/?page_id=190"},"modified":"2026-05-15T11:21:09","modified_gmt":"2026-05-15T09:21:09","slug":"warsztaty","status":"publish","type":"page","link":"https:\/\/wolajablonska27.pl\/www\/warsztaty\/","title":{"rendered":"Warsztaty"},"content":{"rendered":"\n<h2 class=\"wp-block-heading\">Co daj\u0105 warsztaty z udzia\u0142em koni?<\/h2>\n\n\n\n<p>Oferujemy profesjonalne <strong>warsztaty<\/strong> <strong>rozwojowe z udzia\u0142em koni<\/strong>, prowadzone metod\u0105 <strong>Horse<\/strong> <strong>Assisted<\/strong> <strong>Education<\/strong> (HAE) w naszej agroturystyce w <strong>Wielkopolsce<\/strong>. To skuteczna technika, kt\u00f3ra pozwala na g\u0142\u0119bokie poznanie w\u0142asnych schemat\u00f3w dzia\u0142ania oraz budowanie wewn\u0119trznej si\u0142y przy wsparciu tych niezwyk\u0142ych zwierz\u0105t.<\/p>\n\n\n\n<p>Dlaczego warto wybra\u0107 prowadzon\u0105 przez nas <strong>terapi\u0119 z ko\u0144mi<\/strong>? Przede wszystkim istoty te s\u0105 doskona\u0142ymi partnerami w procesie edukacji i coachingu, poniewa\u017c reaguj\u0105 na nasze intencje w spos\u00f3b ca\u0142kowicie szczery. Metoda ta przynosi wymierne korzy\u015bci:<\/p>\n\n\n\n<ul class=\"wp-block-list\">\n<li>zwierz\u0119 reaguje na Twoj\u0105 prawdziw\u0105 postaw\u0119, oferuj\u0105c pe\u0142n\u0105 akceptacj\u0119;<\/li>\n\n\n\n<li>konie bezb\u0142\u0119dnie wyczuwaj\u0105 emocje, dzi\u0119ki czemu ucz\u0105 nas \u015bwiadomej komunikacji i sp\u00f3jno\u015bci wewn\u0119trznej;<\/li>\n\n\n\n<li><strong>terapia z udzia\u0142em<\/strong> tych <strong>zwierz\u0105t<\/strong> redukuje stres, a tak\u017ce pozwala na wyciszenie;<\/li>\n\n\n\n<li>obecno\u015b\u0107 koni porusza g\u0142\u0119boko skrywane emocje i uczy empatii.<\/li>\n<\/ul>\n\n\n\n<figure class=\"wp-block-image size-large\"><img loading=\"lazy\" decoding=\"async\" width=\"768\" height=\"1024\" src=\"https:\/\/wolajablonska27.pl\/www\/wp-content\/uploads\/2025\/01\/IMG_9470-768x1024.jpg\" alt=\"Kobieta przykuca przy ciemnym koniu z bia\u0142ymi p\u0119cinami pod drzewem.\" class=\"wp-image-203\" srcset=\"https:\/\/wolajablonska27.pl\/www\/wp-content\/uploads\/2025\/01\/IMG_9470-768x1024.jpg 768w, https:\/\/wolajablonska27.pl\/www\/wp-content\/uploads\/2025\/01\/IMG_9470-225x300.jpg 225w, https:\/\/wolajablonska27.pl\/www\/wp-content\/uploads\/2025\/01\/IMG_9470.jpg 960w\" sizes=\"auto, (max-width: 768px) 100vw, 768px\" \/><\/figure>\n\n\n\n<p class=\"has-black-color has-text-color has-link-color wp-elements-dc3044275291da8c9b6412ea73607b13\">Zapraszam do proces\u00f3w grupowych i indywidualnych. Grupa wesprze Ci\u0119 wsp\u00f3lnym procesem, prac\u0105 nad jednym, z g\u00f3ry ustalonym tematem warsztatu. Zobaczysz, \u017ce w danym temacie nie jeste\u015b sam i jak radz\u0105 sobie z tym inni. Popracujesz nad relacjami, zaufaniem, stawianiem granic. W procesie indywidualnym skupiamy si\u0119 bardziej na Tobie, sam wybierasz cel pracy i uwaga skupiona jest tylko na Tobie. Mo\u017cemy pracowa\u0107 nad emocjami, strachem przed ko\u0144mi, czy zwierz\u0119tami w og\u00f3le, relacjami, nad poczuciem bezpiecze\u0144stwa i wychodzeniem ze sfery komfortu.<\/p>\n\n\n\n<p class=\"has-black-color has-text-color has-link-color wp-elements-c69700de12783b7487d30c7e3270f1e8\"><br>Lista temat\u00f3w do pracy jest nieograniczona, a ograniczeniem jest g\u0142\u00f3wnie nasza wyobra\u017ania, mo\u017cemy<br>poszukiwa\u0107 samo\u015bwiadomo\u015bci, samoakceptacji, zaufania do siebie i bycia w tu i teraz. Pracowa\u0107 nad<br>emocjami ich identyfikacj\u0105, oddzieleniem, poczuciem i przeprocesowaniem. Zadba\u0107 o sw\u00f3j dobrostan<br>poprzez odpoczynek, relaks, obecno\u015b\u0107. \u0106wiczy\u0107 relacje ze sob\u0105 i z innymi. Okrywa\u0107 wewn\u0119trzn\u0105 si\u0142\u0119 <br>i poszukiwa\u0107 swojej drogi. \u0106wiczy\u0107 stawianie granic. Rozr\u00f3\u017cnia\u0107 i rozwija\u0107 kompetencje przyw\u00f3dcze.<br>Zapraszam Ci\u0119 do odwagi do zaufania, do siebie, do mnie, do koni, do innych ludzi, a przede<br>wszystkim do zaufania do procesu.<\/p>\n\n\n\n<figure class=\"wp-block-image size-large\"><img loading=\"lazy\" decoding=\"async\" width=\"768\" height=\"1024\" src=\"https:\/\/wolajablonska27.pl\/www\/wp-content\/uploads\/2025\/01\/IMG_7300-768x1024.jpg\" alt=\"Dwie osoby siedz\u0105 na \u0142awce przy ognisku w otoczeniu ps\u00f3w i zieleni.\" class=\"wp-image-201\" srcset=\"https:\/\/wolajablonska27.pl\/www\/wp-content\/uploads\/2025\/01\/IMG_7300-768x1024.jpg 768w, https:\/\/wolajablonska27.pl\/www\/wp-content\/uploads\/2025\/01\/IMG_7300-225x300.jpg 225w, https:\/\/wolajablonska27.pl\/www\/wp-content\/uploads\/2025\/01\/IMG_7300-1152x1536.jpg 1152w, https:\/\/wolajablonska27.pl\/www\/wp-content\/uploads\/2025\/01\/IMG_7300-1536x2048.jpg 1536w, https:\/\/wolajablonska27.pl\/www\/wp-content\/uploads\/2025\/01\/IMG_7300-scaled.jpg 1920w\" sizes=\"auto, (max-width: 768px) 100vw, 768px\" \/><\/figure>\n\n\n\n<p class=\"has-black-color has-text-color has-link-color wp-elements-28f594470f7c8770040e0a4e255809f4\">Wszystko prowadzone jest w atmosferze wsparcia i wyrozumia\u0142o\u015bci, \u017cadne \u0107wiczenia nie s\u0105<br>obowi\u0105zkowe, najwa\u017cniejsze s\u0105 \u015bwiadomo\u015b\u0107 i s\u0142uchanie siebie.<\/p>\n\n\n\n<p><\/p>\n","protected":false},"excerpt":{"rendered":"<p>Co daj\u0105 warsztaty z udzia\u0142em koni? Oferujemy profesjonalne warsztaty rozwojowe z udzia\u0142em koni, prowadzone metod\u0105 Horse Assisted Education (HAE) w naszej agroturystyce w Wielkopolsce. To skuteczna technika, kt\u00f3ra pozwala na g\u0142\u0119bokie poznanie w\u0142asnych schemat\u00f3w dzia\u0142ania oraz budowanie wewn\u0119trznej si\u0142y przy wsparciu tych niezwyk\u0142ych zwierz\u0105t. Dlaczego warto wybra\u0107 prowadzon\u0105 przez nas terapi\u0119 z ko\u0144mi? Przede wszystkim [&hellip;]<\/p>\n","protected":false},"author":1,"featured_media":0,"parent":0,"menu_order":0,"comment_status":"closed","ping_status":"closed","template":"","meta":{"footnotes":""},"class_list":["post-190","page","type-page","status-publish","czr-hentry"],"yoast_head":"<!-- This site is optimized with the Yoast SEO plugin v27.2 - https:\/\/yoast.com\/product\/yoast-seo-wordpress\/ -->\n<title>Terapia z udzia\u0142em zwierz\u0105t w Wielkopolsce \u2013 Wola Jab\u0142o\u0144ska 27<\/title>\n<meta name=\"description\" content=\"Odkryj warsztaty rozwojowe z ko\u0144mi (HAE) dla firm i os\u00f3b indywidualnych w Wielkopolsce. Buduj autentyczno\u015b\u0107 i si\u0142\u0119. Wycisz emocje dzi\u0119ki relacji z koniem!\" \/>\n<meta name=\"robots\" content=\"index, follow, max-snippet:-1, max-image-preview:large, max-video-preview:-1\" \/>\n<link rel=\"canonical\" href=\"https:\/\/wolajablonska27.pl\/www\/warsztaty\/\" \/>\n<meta property=\"og:locale\" content=\"pl_PL\" \/>\n<meta property=\"og:type\" content=\"article\" \/>\n<meta property=\"og:title\" content=\"Terapia z udzia\u0142em zwierz\u0105t w Wielkopolsce \u2013 Wola Jab\u0142o\u0144ska 27\" \/>\n<meta property=\"og:description\" content=\"Odkryj warsztaty rozwojowe z ko\u0144mi (HAE) dla firm i os\u00f3b indywidualnych w Wielkopolsce. Buduj autentyczno\u015b\u0107 i si\u0142\u0119. Wycisz emocje dzi\u0119ki relacji z koniem!\" \/>\n<meta property=\"og:url\" content=\"https:\/\/wolajablonska27.pl\/www\/warsztaty\/\" \/>\n<meta property=\"og:site_name\" content=\"Wola Jab\u0142o\u0144ska 27\" \/>\n<meta property=\"article:modified_time\" content=\"2026-05-15T09:21:09+00:00\" \/>\n<meta property=\"og:image\" content=\"http:\/\/wolajablonska27.pl\/www\/wp-content\/uploads\/2025\/01\/IMG_9470-768x1024.jpg\" \/>\n<meta name=\"twitter:card\" content=\"summary_large_image\" \/>\n<meta name=\"twitter:label1\" content=\"Szacowany czas czytania\" \/>\n\t<meta name=\"twitter:data1\" content=\"3 minuty\" \/>\n<script type=\"application\/ld+json\" class=\"yoast-schema-graph\">{\"@context\":\"https:\/\/schema.org\",\"@graph\":[{\"@type\":\"WebPage\",\"@id\":\"https:\/\/wolajablonska27.pl\/www\/warsztaty\/\",\"url\":\"https:\/\/wolajablonska27.pl\/www\/warsztaty\/\",\"name\":\"Terapia z udzia\u0142em zwierz\u0105t w Wielkopolsce \u2013 Wola Jab\u0142o\u0144ska 27\",\"isPartOf\":{\"@id\":\"https:\/\/wolajablonska27.pl\/www\/#website\"},\"primaryImageOfPage\":{\"@id\":\"https:\/\/wolajablonska27.pl\/www\/warsztaty\/#primaryimage\"},\"image\":{\"@id\":\"https:\/\/wolajablonska27.pl\/www\/warsztaty\/#primaryimage\"},\"thumbnailUrl\":\"http:\/\/wolajablonska27.pl\/www\/wp-content\/uploads\/2025\/01\/IMG_9470-768x1024.jpg\",\"datePublished\":\"2024-08-02T09:24:00+00:00\",\"dateModified\":\"2026-05-15T09:21:09+00:00\",\"description\":\"Odkryj warsztaty rozwojowe z ko\u0144mi (HAE) dla firm i os\u00f3b indywidualnych w Wielkopolsce. Buduj autentyczno\u015b\u0107 i si\u0142\u0119. Wycisz emocje dzi\u0119ki relacji z koniem!\",\"breadcrumb\":{\"@id\":\"https:\/\/wolajablonska27.pl\/www\/warsztaty\/#breadcrumb\"},\"inLanguage\":\"pl-PL\",\"potentialAction\":[{\"@type\":\"ReadAction\",\"target\":[\"https:\/\/wolajablonska27.pl\/www\/warsztaty\/\"]}]},{\"@type\":\"ImageObject\",\"inLanguage\":\"pl-PL\",\"@id\":\"https:\/\/wolajablonska27.pl\/www\/warsztaty\/#primaryimage\",\"url\":\"http:\/\/wolajablonska27.pl\/www\/wp-content\/uploads\/2025\/01\/IMG_9470-768x1024.jpg\",\"contentUrl\":\"http:\/\/wolajablonska27.pl\/www\/wp-content\/uploads\/2025\/01\/IMG_9470-768x1024.jpg\"},{\"@type\":\"BreadcrumbList\",\"@id\":\"https:\/\/wolajablonska27.pl\/www\/warsztaty\/#breadcrumb\",\"itemListElement\":[{\"@type\":\"ListItem\",\"position\":1,\"name\":\"Strona g\u0142\u00f3wna\",\"item\":\"https:\/\/wolajablonska27.pl\/www\/\"},{\"@type\":\"ListItem\",\"position\":2,\"name\":\"Warsztaty\"}]},{\"@type\":\"WebSite\",\"@id\":\"https:\/\/wolajablonska27.pl\/www\/#website\",\"url\":\"https:\/\/wolajablonska27.pl\/www\/\",\"name\":\"Wola Jab\u0142o\u0144ska 27\",\"description\":\"\",\"publisher\":{\"@id\":\"https:\/\/wolajablonska27.pl\/www\/#organization\"},\"potentialAction\":[{\"@type\":\"SearchAction\",\"target\":{\"@type\":\"EntryPoint\",\"urlTemplate\":\"https:\/\/wolajablonska27.pl\/www\/?s={search_term_string}\"},\"query-input\":{\"@type\":\"PropertyValueSpecification\",\"valueRequired\":true,\"valueName\":\"search_term_string\"}}],\"inLanguage\":\"pl-PL\"},{\"@type\":\"Organization\",\"@id\":\"https:\/\/wolajablonska27.pl\/www\/#organization\",\"name\":\"Wola Jab\u0142o\u0144ska 27\",\"url\":\"https:\/\/wolajablonska27.pl\/www\/\",\"logo\":{\"@type\":\"ImageObject\",\"inLanguage\":\"pl-PL\",\"@id\":\"https:\/\/wolajablonska27.pl\/www\/#\/schema\/logo\/image\/\",\"url\":\"https:\/\/wolajablonska27.pl\/www\/wp-content\/uploads\/2026\/03\/logo_wj27.webp\",\"contentUrl\":\"https:\/\/wolajablonska27.pl\/www\/wp-content\/uploads\/2026\/03\/logo_wj27.webp\",\"width\":1000,\"height\":1000,\"caption\":\"Wola Jab\u0142o\u0144ska 27\"},\"image\":{\"@id\":\"https:\/\/wolajablonska27.pl\/www\/#\/schema\/logo\/image\/\"}}]}<\/script>\n<!-- \/ Yoast SEO plugin. -->","yoast_head_json":{"title":"Terapia z udzia\u0142em zwierz\u0105t w Wielkopolsce \u2013 Wola Jab\u0142o\u0144ska 27","description":"Odkryj warsztaty rozwojowe z ko\u0144mi (HAE) dla firm i os\u00f3b indywidualnych w Wielkopolsce. Buduj autentyczno\u015b\u0107 i si\u0142\u0119. Wycisz emocje dzi\u0119ki relacji z koniem!","robots":{"index":"index","follow":"follow","max-snippet":"max-snippet:-1","max-image-preview":"max-image-preview:large","max-video-preview":"max-video-preview:-1"},"canonical":"https:\/\/wolajablonska27.pl\/www\/warsztaty\/","og_locale":"pl_PL","og_type":"article","og_title":"Terapia z udzia\u0142em zwierz\u0105t w Wielkopolsce \u2013 Wola Jab\u0142o\u0144ska 27","og_description":"Odkryj warsztaty rozwojowe z ko\u0144mi (HAE) dla firm i os\u00f3b indywidualnych w Wielkopolsce. Buduj autentyczno\u015b\u0107 i si\u0142\u0119. Wycisz emocje dzi\u0119ki relacji z koniem!","og_url":"https:\/\/wolajablonska27.pl\/www\/warsztaty\/","og_site_name":"Wola Jab\u0142o\u0144ska 27","article_modified_time":"2026-05-15T09:21:09+00:00","og_image":[{"url":"http:\/\/wolajablonska27.pl\/www\/wp-content\/uploads\/2025\/01\/IMG_9470-768x1024.jpg","type":"","width":"","height":""}],"twitter_card":"summary_large_image","twitter_misc":{"Szacowany czas czytania":"3 minuty"},"schema":{"@context":"https:\/\/schema.org","@graph":[{"@type":"WebPage","@id":"https:\/\/wolajablonska27.pl\/www\/warsztaty\/","url":"https:\/\/wolajablonska27.pl\/www\/warsztaty\/","name":"Terapia z udzia\u0142em zwierz\u0105t w Wielkopolsce \u2013 Wola Jab\u0142o\u0144ska 27","isPartOf":{"@id":"https:\/\/wolajablonska27.pl\/www\/#website"},"primaryImageOfPage":{"@id":"https:\/\/wolajablonska27.pl\/www\/warsztaty\/#primaryimage"},"image":{"@id":"https:\/\/wolajablonska27.pl\/www\/warsztaty\/#primaryimage"},"thumbnailUrl":"http:\/\/wolajablonska27.pl\/www\/wp-content\/uploads\/2025\/01\/IMG_9470-768x1024.jpg","datePublished":"2024-08-02T09:24:00+00:00","dateModified":"2026-05-15T09:21:09+00:00","description":"Odkryj warsztaty rozwojowe z ko\u0144mi (HAE) dla firm i os\u00f3b indywidualnych w Wielkopolsce. Buduj autentyczno\u015b\u0107 i si\u0142\u0119. Wycisz emocje dzi\u0119ki relacji z koniem!","breadcrumb":{"@id":"https:\/\/wolajablonska27.pl\/www\/warsztaty\/#breadcrumb"},"inLanguage":"pl-PL","potentialAction":[{"@type":"ReadAction","target":["https:\/\/wolajablonska27.pl\/www\/warsztaty\/"]}]},{"@type":"ImageObject","inLanguage":"pl-PL","@id":"https:\/\/wolajablonska27.pl\/www\/warsztaty\/#primaryimage","url":"http:\/\/wolajablonska27.pl\/www\/wp-content\/uploads\/2025\/01\/IMG_9470-768x1024.jpg","contentUrl":"http:\/\/wolajablonska27.pl\/www\/wp-content\/uploads\/2025\/01\/IMG_9470-768x1024.jpg"},{"@type":"BreadcrumbList","@id":"https:\/\/wolajablonska27.pl\/www\/warsztaty\/#breadcrumb","itemListElement":[{"@type":"ListItem","position":1,"name":"Strona g\u0142\u00f3wna","item":"https:\/\/wolajablonska27.pl\/www\/"},{"@type":"ListItem","position":2,"name":"Warsztaty"}]},{"@type":"WebSite","@id":"https:\/\/wolajablonska27.pl\/www\/#website","url":"https:\/\/wolajablonska27.pl\/www\/","name":"Wola Jab\u0142o\u0144ska 27","description":"","publisher":{"@id":"https:\/\/wolajablonska27.pl\/www\/#organization"},"potentialAction":[{"@type":"SearchAction","target":{"@type":"EntryPoint","urlTemplate":"https:\/\/wolajablonska27.pl\/www\/?s={search_term_string}"},"query-input":{"@type":"PropertyValueSpecification","valueRequired":true,"valueName":"search_term_string"}}],"inLanguage":"pl-PL"},{"@type":"Organization","@id":"https:\/\/wolajablonska27.pl\/www\/#organization","name":"Wola Jab\u0142o\u0144ska 27","url":"https:\/\/wolajablonska27.pl\/www\/","logo":{"@type":"ImageObject","inLanguage":"pl-PL","@id":"https:\/\/wolajablonska27.pl\/www\/#\/schema\/logo\/image\/","url":"https:\/\/wolajablonska27.pl\/www\/wp-content\/uploads\/2026\/03\/logo_wj27.webp","contentUrl":"https:\/\/wolajablonska27.pl\/www\/wp-content\/uploads\/2026\/03\/logo_wj27.webp","width":1000,"height":1000,"caption":"Wola Jab\u0142o\u0144ska 27"},"image":{"@id":"https:\/\/wolajablonska27.pl\/www\/#\/schema\/logo\/image\/"}}]}},"_links":{"self":[{"href":"https:\/\/wolajablonska27.pl\/www\/wp-json\/wp\/v2\/pages\/190","targetHints":{"allow":["GET"]}}],"collection":[{"href":"https:\/\/wolajablonska27.pl\/www\/wp-json\/wp\/v2\/pages"}],"about":[{"href":"https:\/\/wolajablonska27.pl\/www\/wp-json\/wp\/v2\/types\/page"}],"author":[{"embeddable":true,"href":"https:\/\/wolajablonska27.pl\/www\/wp-json\/wp\/v2\/users\/1"}],"replies":[{"embeddable":true,"href":"https:\/\/wolajablonska27.pl\/www\/wp-json\/wp\/v2\/comments?post=190"}],"version-history":[{"count":6,"href":"https:\/\/wolajablonska27.pl\/www\/wp-json\/wp\/v2\/pages\/190\/revisions"}],"predecessor-version":[{"id":252,"href":"https:\/\/wolajablonska27.pl\/www\/wp-json\/wp\/v2\/pages\/190\/revisions\/252"}],"wp:attachment":[{"href":"https:\/\/wolajablonska27.pl\/www\/wp-json\/wp\/v2\/media?parent=190"}],"curies":[{"name":"wp","href":"https:\/\/api.w.org\/{rel}","templated":true}]}}